{"id":2,"date":"2022-11-23T11:02:06","date_gmt":"2022-11-23T11:02:06","guid":{"rendered":"https:\/\/esem.sosyalgirisimcilikagi.org\/?page_id=2"},"modified":"2023-02-05T06:51:43","modified_gmt":"2023-02-05T06:51:43","slug":"sample-page","status":"publish","type":"page","link":"https:\/\/esem.sosyalgirisimcilikagi.org\/?page_id=2","title":{"rendered":"About"},"content":{"rendered":"\n<p style=\"margin-top:var(--wp--preset--spacing--30);margin-right:var(--wp--preset--spacing--30);margin-bottom:var(--wp--preset--spacing--30);margin-left:var(--wp--preset--spacing--30)\">European Social Enterprise Monitor (ESEM) was first launched in 2020 by Euclid Network (EN) to provide reliable and comparable data on the social entrepreneurship ecosystem. In the 2021-2022 period, the study is supported by the European Commision and the number of countries scaled from eight to 21 with the contribution of national partners within the Network.<\/p>\n\n\n\n<p>ESEM is the first social enterprise monitor on the European level. The expected positive impact of the ESEM study are:&nbsp;<\/p>\n\n\n\n<ul class=\"wp-block-list\">\n<li>generating data on social enterprises for decision-makers, government officials, investors, researchers and impact practitioners<\/li>\n\n\n\n<li>providing evidence on the needs of social enterprises for EU and national legislation, policies and funding<\/li>\n\n\n\n<li>providing a space for ESEM country partners to learn from each other and become more aware of each other\u2019s support programs, funding and advocacy work<\/li>\n\n\n\n<li>accelerating the efforts to reach the United Nations Sustainable Development Goals by 2030 with a more powerful social entrepreneurship ecosystem&nbsp;<\/li>\n<\/ul>\n\n\n\n<div class=\"wp-block-columns is-layout-flex wp-container-core-columns-is-layout-244aab75 wp-block-columns-is-layout-flex\" style=\"padding-top:var(--wp--preset--spacing--40);padding-right:var(--wp--preset--spacing--40);padding-bottom:var(--wp--preset--spacing--40);padding-left:var(--wp--preset--spacing--40)\">\n<div class=\"wp-block-column is-layout-flow wp-block-column-is-layout-flow\">\n<p>The country partners are:&nbsp;<\/p>\n\n\n\n<p>1. Croatia: <a href=\"https:\/\/act-grupa.hr\/en\/\" data-type=\"URL\" data-id=\"https:\/\/act-grupa.hr\/en\/\">ActGrupa<\/a>&nbsp;<\/p>\n\n\n\n<p>2. Denmark: <a href=\"https:\/\/socialeentreprenorer.dk\/english\/#:~:text=Social%20Entrepreneurs%20in%20Denmark%20(SED,and%20mutually%20inspire%20each%20other.\" data-type=\"URL\" data-id=\"https:\/\/socialeentreprenorer.dk\/english\/#:~:text=Social%20Entrepreneurs%20in%20Denmark%20(SED,and%20mutually%20inspire%20each%20other.\">Sociale Entreprenor i Denmark (SED)<\/a>&nbsp;<\/p>\n\n\n\n<p>3. Estonia: <a href=\"https:\/\/sev.ee\/en\/front-page\/\" data-type=\"URL\" data-id=\"https:\/\/sev.ee\/en\/front-page\/\">Estonian Social Enterprise Network&nbsp;<\/a><\/p>\n\n\n\n<p>4. Germany: <a href=\"http:\/\/www.send-ev.de\/\" data-type=\"URL\" data-id=\"http:\/\/www.send-ev.de\/\">Social Entrepreneurship Network Germany (SEND e.V.)&nbsp;<\/a><\/p>\n\n\n\n<p>5. Portugal: <a href=\"http:\/\/www.esliderportugal.pt\/\" data-type=\"URL\" data-id=\"http:\/\/www.esliderportugal.pt\/\">ESLIDER-PORTUGAL \u2013 National Network of Social Entrepreneurs and Civil Society Leaders&nbsp;<\/a><\/p>\n\n\n\n<p>6. Spain: <a href=\"https:\/\/www.esade.edu\/en\/\" data-type=\"URL\" data-id=\"https:\/\/www.esade.edu\/en\/\">ESADE<\/a><\/p>\n\n\n\n<p>7. Sweden: <a href=\"http:\/\/socialinnovation.se\/\" data-type=\"URL\" data-id=\"http:\/\/socialinnovation.se\/\">Forum for Social Innovation Sweden<\/a>&nbsp;<\/p>\n\n\n\n<p>8. United Kingdom: <a href=\"https:\/\/www.socialenterprise.org.uk\/\" data-type=\"URL\" data-id=\"https:\/\/www.socialenterprise.org.uk\/\">Social Enterprise UK&nbsp;<\/a><\/p>\n\n\n\n<p>9. Austria: <a href=\"https:\/\/www.wu.ac.at\/en\/\" data-type=\"URL\" data-id=\"https:\/\/www.wu.ac.at\/en\/\">WU Vienna University of Economics and Business&nbsp;<\/a><\/p>\n\n\n\n<p>10. Bulgaria: <a href=\"https:\/\/www.bcause.bg\/en\/about-us\/who.html\" data-type=\"URL\" data-id=\"https:\/\/www.bcause.bg\/en\/about-us\/who.html\">BCause<\/a><\/p>\n\n\n\n<p>11. France: <a href=\"https:\/\/www.essec.edu\/en\/\" data-type=\"URL\" data-id=\"https:\/\/www.essec.edu\/en\/\">ESSEC<\/a><\/p>\n<\/div>\n\n\n\n<div class=\"wp-block-column is-layout-flow wp-block-column-is-layout-flow\">\n<p>12. Hungary: <a href=\"https:\/\/tarsadalmivallalkozaskoalicio.hu\/\" data-type=\"URL\" data-id=\"https:\/\/tarsadalmivallalkozaskoalicio.hu\/\">T\u00e1rsadalmi V\u00e1llalkoz\u00e1s Koal\u00edci\u00f3 (Social Enterprise Coalition Hungary)<\/a><\/p>\n\n\n\n<p>13. Ireland: <a href=\"https:\/\/www.socent.ie\/\" data-type=\"URL\" data-id=\"https:\/\/www.socent.ie\/\">Irish Social Enterprise Network<\/a> and <a href=\"https:\/\/www.socialenterprise.ie\/\" data-type=\"URL\" data-id=\"https:\/\/www.socialenterprise.ie\/\">Social Enterprise Republic of Ireland<\/a>&nbsp;<\/p>\n\n\n\n<p>14. Italy: <a href=\"https:\/\/www.polimi.it\/en\/\" data-type=\"URL\" data-id=\"https:\/\/www.polimi.it\/en\/\">Politecnico di Milano<\/a>&nbsp;<\/p>\n\n\n\n<p>15. Latvia: <a href=\"https:\/\/sua.lv\/en\/who-we-are\/\" data-type=\"URL\" data-id=\"https:\/\/sua.lv\/en\/who-we-are\/\">Social Enterprise Association Latvia (SEAL)<\/a>\/(Latvijas Soci\u0101l\u0101s Uz\u0146\u0113m\u0113jdarb\u012bbas Asoci\u0101cija)&nbsp;<\/p>\n\n\n\n<p>16. Poland: <a href=\"https:\/\/en.uw.edu.pl\/\" data-type=\"URL\" data-id=\"https:\/\/en.uw.edu.pl\/\">University of Warsaw<\/a>&nbsp;<\/p>\n\n\n\n<p>17. Serbia: <a href=\"https:\/\/smartkolektiv.org\/en\/home\/\" data-type=\"URL\" data-id=\"https:\/\/smartkolektiv.org\/en\/home\/\">Smart Kolektiv<\/a> and <a href=\"https:\/\/solidarnaekonomija.rs\/\" data-type=\"URL\" data-id=\"https:\/\/solidarnaekonomija.rs\/\">Koalicija za razvoj solidarne ekonomije (KoRSE)<\/a>\/ (Coalition for Solidarity Economy Development)&nbsp;<\/p>\n\n\n\n<p>18. Slovenia: <a href=\"http:\/\/www.skup.si\/\" data-type=\"URL\" data-id=\"http:\/\/www.skup.si\/\">Skup<\/a> and Sklad 05 (Fund 05)&nbsp;<\/p>\n\n\n\n<p>19. Switzerland: <a href=\"https:\/\/sens-suisse.ch\/\" data-type=\"URL\" data-id=\"https:\/\/sens-suisse.ch\/\">Social Entrepreneurship Network Switzerland<\/a> (SENS Suisse)&nbsp;<\/p>\n\n\n\n<p>20. The Netherlands: <a href=\"https:\/\/www.social-enterprise.nl\/\" data-type=\"URL\" data-id=\"https:\/\/www.social-enterprise.nl\/\">Social Enterprise NL<\/a>&nbsp;<\/p>\n\n\n\n<p>21. T\u00fcrkiye: <a href=\"https:\/\/www.sosyalgirisimcilikagi.org\/\" data-type=\"URL\" data-id=\"https:\/\/www.sosyalgirisimcilikagi.org\/\">T\u00fcrkiye Social Entrepreneurship Network (TSEN)<\/a>\/ (T\u00fcrkiye Sosyal Giri\u015fimcilik A\u011f\u0131)<\/p>\n<\/div>\n<\/div>\n","protected":false},"excerpt":{"rendered":"<p>European Social Enterprise Monitor (ESEM) was first launched in 2020 by Euclid Network (EN) to provide reliable and comparable data on the social entrepreneurship ecosystem. In the 2021-2022 period, the study is supported by the European Commision and the number of countries scaled from eight to 21 with the contribution of national partners within the Network. ESEM is the first social enterprise monitor on the European level. The expected positive impact of the ESEM study are:&nbsp; The country partners are:&nbsp; 1. Croatia: ActGrupa&nbsp; 2. Denmark: Sociale Entreprenor i Denmark (SED)&nbsp; 3. Estonia: Estonian Social Enterprise Network&nbsp; 4. Germany: Social Entrepreneurship<\/p>\n","protected":false},"author":1,"featured_media":0,"parent":0,"menu_order":0,"comment_status":"closed","ping_status":"open","template":"","meta":{"footnotes":""},"class_list":["post-2","page","type-page","status-publish","hentry"],"_links":{"self":[{"href":"https:\/\/esem.sosyalgirisimcilikagi.org\/index.php?rest_route=\/wp\/v2\/pages\/2","targetHints":{"allow":["GET"]}}],"collection":[{"href":"https:\/\/esem.sosyalgirisimcilikagi.org\/index.php?rest_route=\/wp\/v2\/pages"}],"about":[{"href":"https:\/\/esem.sosyalgirisimcilikagi.org\/index.php?rest_route=\/wp\/v2\/types\/page"}],"author":[{"embeddable":true,"href":"https:\/\/esem.sosyalgirisimcilikagi.org\/index.php?rest_route=\/wp\/v2\/users\/1"}],"replies":[{"embeddable":true,"href":"https:\/\/esem.sosyalgirisimcilikagi.org\/index.php?rest_route=%2Fwp%2Fv2%2Fcomments&post=2"}],"version-history":[{"count":14,"href":"https:\/\/esem.sosyalgirisimcilikagi.org\/index.php?rest_route=\/wp\/v2\/pages\/2\/revisions"}],"predecessor-version":[{"id":235,"href":"https:\/\/esem.sosyalgirisimcilikagi.org\/index.php?rest_route=\/wp\/v2\/pages\/2\/revisions\/235"}],"wp:attachment":[{"href":"https:\/\/esem.sosyalgirisimcilikagi.org\/index.php?rest_route=%2Fwp%2Fv2%2Fmedia&parent=2"}],"curies":[{"name":"wp","href":"https:\/\/api.w.org\/{rel}","templated":true}]}}